{"id":5455,"date":"2025-07-16T19:06:38","date_gmt":"2025-07-16T19:06:38","guid":{"rendered":"https:\/\/petrarchpanels.com\/?page_id=5455"},"modified":"2025-10-18T18:01:44","modified_gmt":"2025-10-18T18:01:44","slug":"testimonianze-di-walton-court","status":"publish","type":"page","link":"https:\/\/petrarchpanels.com\/it\/testimonianze-di-walton-court\/","title":{"rendered":"Testimonianze di Walton Court"},"content":{"rendered":"<p><div class=\"fusion-fullwidth fullwidth-box fusion-builder-row-1 fusion-flex-container has-pattern-background has-mask-background fusion-parallax-none hundred-percent-fullwidth non-hundred-percent-height-scrolling lazyload\" style=\"--awb-border-radius-top-left:0px;--awb-border-radius-top-right:0px;--awb-border-radius-bottom-right:0px;--awb-border-radius-bottom-left:0px;--awb-margin-top:0px;--awb-background-size:cover;--awb-flex-wrap:wrap;\" data-bg=\"https:\/\/petrarchpanels.com\/wp-content\/uploads\/2025\/07\/Walton-Court_Website-5-Lead-copy.webp\" ><div class=\"fusion-builder-row fusion-row fusion-flex-align-items-flex-start fusion-flex-content-wrap\" style=\"width:calc( 100% + 20px ) !important;max-width:calc( 100% + 20px ) !important;margin-left: calc(-20px \/ 2 );margin-right: calc(-20px \/ 2 );\"><div class=\"fusion-layout-column fusion_builder_column fusion-builder-column-0 fusion_builder_column_1_1 1_1 fusion-flex-column\" style=\"--awb-bg-size:cover;--awb-width-large:100%;--awb-margin-top-large:0px;--awb-spacing-right-large:10px;--awb-margin-bottom-large:0px;--awb-spacing-left-large:10px;--awb-width-medium:100%;--awb-order-medium:0;--awb-spacing-right-medium:10px;--awb-spacing-left-medium:10px;--awb-width-small:100%;--awb-order-small:0;--awb-spacing-right-small:10px;--awb-spacing-left-small:10px;\"><div class=\"fusion-column-wrapper fusion-column-has-shadow fusion-flex-justify-content-flex-start fusion-content-layout-column\"><div class=\"fusion-separator fusion-full-width-sep\" style=\"align-self: center;margin-left: auto;margin-right: auto;margin-top:60px;margin-bottom:60px;width:100%;\"><\/div><\/div><\/div><div class=\"fusion-layout-column fusion_builder_column fusion-builder-column-1 fusion_builder_column_1_6 1_6 fusion-flex-column fusion-no-small-visibility fusion-no-medium-visibility\" style=\"--awb-bg-size:cover;--awb-width-large:16.666666666667%;--awb-margin-top-large:0px;--awb-spacing-right-large:10px;--awb-margin-bottom-large:0px;--awb-spacing-left-large:10px;--awb-width-medium:16.666666666667%;--awb-order-medium:0;--awb-spacing-right-medium:10px;--awb-spacing-left-medium:10px;--awb-width-small:100%;--awb-order-small:0;--awb-spacing-right-small:10px;--awb-spacing-left-small:10px;\"><div class=\"fusion-column-wrapper fusion-column-has-shadow fusion-flex-justify-content-flex-start fusion-content-layout-column\"><\/div><\/div><div class=\"fusion-layout-column fusion_builder_column fusion-builder-column-2 fusion_builder_column_3_5 3_5 fusion-flex-column fusion-flex-align-self-center\" style=\"--awb-padding-top:45px;--awb-padding-right:75px;--awb-padding-bottom:60px;--awb-padding-left:75px;--awb-padding-right-small:20px;--awb-padding-left-small:20px;--awb-bg-color:#ffffff;--awb-bg-color-hover:#ffffff;--awb-bg-size:cover;--awb-filter:opacity(93%);--awb-filter-transition:filter 0.3s ease;--awb-filter-hover:opacity(90%);--awb-width-large:60%;--awb-margin-top-large:0px;--awb-spacing-right-large:10px;--awb-margin-bottom-large:0px;--awb-spacing-left-large:10px;--awb-width-medium:60%;--awb-order-medium:0;--awb-spacing-right-medium:10px;--awb-spacing-left-medium:10px;--awb-width-small:100%;--awb-order-small:0;--awb-spacing-right-small:10px;--awb-spacing-left-small:10px;\"><div class=\"fusion-column-wrapper fusion-column-has-shadow fusion-flex-justify-content-center fusion-content-layout-column\"><div class=\"fusion-title title fusion-title-1 fusion-sep-none fusion-title-text fusion-title-size-one fusion-animated\" style=\"--awb-margin-top-small:10px;--awb-margin-right-small:30px;--awb-margin-bottom-small:10px;--awb-margin-left-small:30px;\" data-animationtype=\"fadeIn\" data-animationduration=\"1.1\" data-animationoffset=\"top-into-view\"><h1 class=\"fusion-title-heading title-heading-left\" style=\"margin:0;\"><h1>Walton Court - Progetto del pannello Petrarch in lizza per il premio per le facciate<\/h1><\/h1><\/div><div class=\"fusion-title title fusion-title-2 fusion-sep-none fusion-title-text fusion-title-size-five fusion-animated\" style=\"--awb-text-color:#515151;--awb-margin-top-small:10px;--awb-margin-right-small:30px;--awb-margin-bottom-small:10px;--awb-margin-left-small:30px;\" data-animationtype=\"fadeInUp\" data-animationduration=\"1.2\" data-animationoffset=\"top-into-view\"><h5 class=\"fusion-title-heading title-heading-left\" style=\"margin:0;\"><p>\"Abbiamo utilizzato Petrarch in diverse occasioni e siamo sostenitori di questo avanzato sistema di rivestimento in pietra ricostituita. A differenza delle soluzioni di rivestimento in pietra pura, \u00e8 molto pi\u00f9 facile da gestire in cantiere, senza bisogno di gru, e richiede una semplice installazione fuori dal ponteggio\".<\/p>\n<h2 style=\"margin-bottom: 16px;\"><span style=\"color: #f15e22; font-size: 16px;\">Nikolay Todorov - Responsabile dei contratti<\/span><\/h2>\n<h2 style=\"margin-bottom: 16px;\"><span style=\"color: #f15e22; font-size: 16px;\"><a href=\"https:\/\/www.kddconstructionltd.co.uk\/\" target=\"_blank\" rel=\"noopener\">Costruzione KDD<\/a><\/span><\/h2><\/h5><\/div><\/div><\/div><div class=\"fusion-layout-column fusion_builder_column fusion-builder-column-3 fusion_builder_column_1_5 1_5 fusion-flex-column fusion-no-small-visibility fusion-no-medium-visibility\" style=\"--awb-bg-size:cover;--awb-width-large:20%;--awb-margin-top-large:0px;--awb-spacing-right-large:10px;--awb-margin-bottom-large:0px;--awb-spacing-left-large:10px;--awb-width-medium:20%;--awb-order-medium:0;--awb-spacing-right-medium:10px;--awb-spacing-left-medium:10px;--awb-width-small:100%;--awb-order-small:0;--awb-spacing-right-small:10px;--awb-spacing-left-small:10px;\"><div class=\"fusion-column-wrapper fusion-column-has-shadow fusion-flex-justify-content-flex-start fusion-content-layout-column\"><\/div><\/div><div class=\"fusion-layout-column fusion_builder_column fusion-builder-column-4 fusion_builder_column_1_1 1_1 fusion-flex-column\" style=\"--awb-bg-size:cover;--awb-width-large:100%;--awb-margin-top-large:0px;--awb-spacing-right-large:10px;--awb-margin-bottom-large:0px;--awb-spacing-left-large:10px;--awb-width-medium:100%;--awb-order-medium:0;--awb-spacing-right-medium:10px;--awb-spacing-left-medium:10px;--awb-width-small:100%;--awb-order-small:0;--awb-spacing-right-small:10px;--awb-spacing-left-small:10px;\"><div class=\"fusion-column-wrapper fusion-column-has-shadow fusion-flex-justify-content-flex-start fusion-content-layout-column\"><div class=\"fusion-separator fusion-full-width-sep\" style=\"align-self: center;margin-left: auto;margin-right: auto;margin-top:50px;margin-bottom:50px;width:100%;\"><\/div><\/div><\/div><\/div><\/div><div class=\"fusion-fullwidth fullwidth-box fusion-builder-row-2 fusion-flex-container hundred-percent-fullwidth non-hundred-percent-height-scrolling\" style=\"--awb-border-radius-top-left:0px;--awb-border-radius-top-right:0px;--awb-border-radius-bottom-right:0px;--awb-border-radius-bottom-left:0px;--awb-padding-bottom:0px;--awb-margin-bottom:0px;--awb-flex-wrap:wrap;\" ><div class=\"fusion-builder-row fusion-row fusion-flex-align-items-flex-start fusion-flex-content-wrap\" style=\"width:calc( 100% + 20px ) !important;max-width:calc( 100% + 20px ) !important;margin-left: calc(-20px \/ 2 );margin-right: calc(-20px \/ 2 );\"><div class=\"fusion-layout-column fusion_builder_column fusion-builder-column-5 fusion_builder_column_1_2 1_2 fusion-flex-column\" style=\"--awb-padding-top:55px;--awb-padding-right:0px;--awb-padding-bottom:55px;--awb-padding-left:0px;--awb-bg-position:center top;--awb-bg-size:cover;--awb-width-large:50%;--awb-margin-top-large:0px;--awb-spacing-right-large:0px;--awb-margin-bottom-large:0px;--awb-spacing-left-large:0px;--awb-width-medium:50%;--awb-order-medium:0;--awb-spacing-right-medium:0px;--awb-spacing-left-medium:0px;--awb-width-small:100%;--awb-order-small:0;--awb-spacing-right-small:10px;--awb-spacing-left-small:10px;\" data-scroll-devices=\"small-visibility,medium-visibility,large-visibility\"><div class=\"fusion-column-wrapper lazyload fusion-column-has-shadow fusion-flex-justify-content-flex-start fusion-content-layout-column fusion-empty-column-bg-image fusion-column-has-bg-image\" data-bg-url=\"https:\/\/petrarchpanels.com\/wp-content\/uploads\/2025\/07\/Walton-Court_Website-4-copy.webp\" data-bg=\"https:\/\/petrarchpanels.com\/wp-content\/uploads\/2025\/07\/Walton-Court_Website-4-copy.webp\"><img decoding=\"async\" class=\"fusion-empty-dims-img-placeholder\" aria-label=\"Walton Court_Sito web 4 copie\" src=\"data:image\/svg+xml,%3Csvg%20xmlns%3D%27http%3A%2F%2Fwww.w3.org%2F2000%2Fsvg%27%20width%3D%272048%27%20height%3D%271536%27%20viewBox%3D%270%200%202048%201536%27%3E%3Crect%20width%3D%272048%27%20height%3D%271536%27%20fill-opacity%3D%220%22%2F%3E%3C%2Fsvg%3E\"><\/div><\/div><div class=\"fusion-layout-column fusion_builder_column fusion-builder-column-6 fusion_builder_column_1_2 1_2 fusion-flex-column fusion-flex-align-self-center\" style=\"--awb-padding-top:35px;--awb-padding-right:125px;--awb-padding-bottom:40px;--awb-padding-left:40px;--awb-padding-right-medium:0px;--awb-padding-left-medium:0px;--awb-bg-size:cover;--awb-width-large:50%;--awb-margin-top-large:0px;--awb-spacing-right-large:10px;--awb-margin-bottom-large:0px;--awb-spacing-left-large:0px;--awb-width-medium:50%;--awb-order-medium:0;--awb-spacing-right-medium:10px;--awb-spacing-left-medium:0px;--awb-width-small:100%;--awb-order-small:0;--awb-spacing-right-small:10px;--awb-spacing-left-small:10px;\" data-scroll-devices=\"small-visibility,medium-visibility,large-visibility\"><div class=\"fusion-column-wrapper fusion-column-has-shadow fusion-flex-justify-content-center fusion-content-layout-column\"><div class=\"fusion-text fusion-text-1 fusion-animated\" style=\"--awb-margin-top:35px;--awb-margin-right:30px;--awb-margin-left:30px;\" data-animationtype=\"fadeInRight\" data-animationduration=\"1.2\" data-animationoffset=\"top-into-view\"><p>\"Questo progetto di alto profilo presentava numerose sfide, in particolare per ottenere l'effetto desiderato di un modello di facciata irregolare su un edificio monolitico. Per creare un tale impatto, abbiamo sviluppato nove moduli di facciata unici, che hanno standardizzato il processo di costruzione mantenendo l'irregolarit\u00e0 della facciata. Inoltre, in questo modo abbiamo superato le sfide legate all'installazione di protezioni antincendio in cavit\u00e0 di profondit\u00e0 variabile su una facciata complicata. Infine, la scelta del materiale della facciata \u00e8 stata fondamentale.<\/p>\n<p>Inizialmente il nostro cliente preferiva un design in pietra massiccia, ma presto \u00e8 stato chiaro che avrebbe superato il budget. I pannelli Petrarch, con la loro composizione in pietra ricostituita e marmo, offrivano l'aspetto e la sensazione della pietra naturale a un prezzo pi\u00f9 vantaggioso. Al di l\u00e0 del costo, l'estetica accattivante e la versatilit\u00e0 leggera di Petrarch hanno facilitato l'installazione in loco, conquistando rapidamente i nostri clienti\".<\/p>\n<h2 style=\"margin-bottom: 16px;\"><span style=\"color: #f15e22; font-size: 16px;\">James Park - Direttore associato<br \/>\n<a href=\"https:\/\/www.saundersarchitects.com\/projects\/walton-court-walton-thames\/\" target=\"_blank\" rel=\"noopener\">Architetti Saunders<\/a><\/span><\/h2>\n<\/div><\/div><\/div><\/div><\/div><div class=\"fusion-fullwidth fullwidth-box fusion-builder-row-3 fusion-flex-container hundred-percent-fullwidth non-hundred-percent-height-scrolling reverse-cols\" style=\"--awb-border-radius-top-left:0px;--awb-border-radius-top-right:0px;--awb-border-radius-bottom-right:0px;--awb-border-radius-bottom-left:0px;--awb-margin-bottom:-60px;--awb-margin-bottom-small:20px;--awb-flex-wrap:wrap;\" ><div class=\"fusion-builder-row fusion-row fusion-flex-align-items-flex-start fusion-flex-content-wrap\" style=\"width:calc( 100% + 20px ) !important;max-width:calc( 100% + 20px ) !important;margin-left: calc(-20px \/ 2 );margin-right: calc(-20px \/ 2 );\"><div class=\"fusion-layout-column fusion_builder_column fusion-builder-column-7 fusion_builder_column_1_2 1_2 fusion-flex-column fusion-flex-align-self-center\" style=\"--awb-padding-top:35px;--awb-padding-right:40px;--awb-padding-left:125px;--awb-padding-right-medium:0px;--awb-padding-left-medium:0px;--awb-padding-right-small:0px;--awb-padding-left-small:0px;--awb-bg-position:center top;--awb-bg-size:cover;--awb-width-large:50%;--awb-margin-top-large:0px;--awb-spacing-right-large:0px;--awb-margin-bottom-large:0px;--awb-spacing-left-large:0px;--awb-width-medium:50%;--awb-order-medium:0;--awb-spacing-right-medium:0px;--awb-spacing-left-medium:0px;--awb-width-small:100%;--awb-order-small:0;--awb-spacing-right-small:10px;--awb-spacing-left-small:10px;\" data-scroll-devices=\"small-visibility,medium-visibility,large-visibility\"><div class=\"fusion-column-wrapper fusion-column-has-shadow fusion-flex-justify-content-center fusion-content-layout-column\"><div class=\"fusion-text fusion-text-2 fusion-animated fusion-text-no-margin\" style=\"--awb-margin-top:35px;--awb-margin-right:30px;--awb-margin-left:30px;\" data-animationtype=\"fadeInLeft\" data-animationduration=\"1.2\" data-animationoffset=\"top-into-view\"><p>\"Petrarch \u00e8 stato molto semplice da gestire per tutta la durata del progetto e, in termini di logistica, \u00e8 stato impeccabile: ha fatto arrivare il materiale in cantiere tempestivamente e ha fornito tutto il supporto possibile quando si \u00e8 trattato di preassemblare i materiali. Il risultato finale testimonia il successo di una collaborazione a tutto tondo\".<\/p>\n<h2 style=\"margin-bottom: 16px;\"><span style=\"color: #f15e22; font-size: 16px;\">Nikolay Todorov - Responsabile dei contratti<br \/>\n<a href=\"https:\/\/www.kddconstructionitd.co.uk\/\" target=\"_blank\" rel=\"noopener nofollow\">Costruzione KDD<\/a><\/span><\/h2>\n<\/div><\/div><\/div><div class=\"fusion-layout-column fusion_builder_column fusion-builder-column-8 fusion_builder_column_1_2 1_2 fusion-flex-column\" style=\"--awb-padding-top:55px;--awb-padding-bottom:55px;--awb-padding-right-medium:75px;--awb-padding-right-small:50px;--awb-padding-left-small:50px;--awb-bg-size:cover;--awb-width-large:50%;--awb-margin-top-large:0px;--awb-spacing-right-large:10px;--awb-margin-bottom-large:0px;--awb-spacing-left-large:0px;--awb-width-medium:50%;--awb-order-medium:0;--awb-spacing-right-medium:10px;--awb-spacing-left-medium:0px;--awb-width-small:100%;--awb-order-small:0;--awb-spacing-right-small:10px;--awb-spacing-left-small:10px;\" data-scroll-devices=\"small-visibility,medium-visibility,large-visibility\"><div class=\"fusion-column-wrapper lazyload fusion-column-has-shadow fusion-flex-justify-content-flex-start fusion-content-layout-column fusion-empty-column-bg-image fusion-column-has-bg-image\" data-bg-url=\"https:\/\/petrarchpanels.com\/wp-content\/uploads\/2025\/07\/Waton-Court_Blog.webp\" data-bg=\"https:\/\/petrarchpanels.com\/wp-content\/uploads\/2025\/07\/Waton-Court_Blog.webp\"><img decoding=\"async\" class=\"fusion-empty-dims-img-placeholder\" aria-label=\"Waton Court_Blog\" src=\"data:image\/svg+xml,%3Csvg%20xmlns%3D%27http%3A%2F%2Fwww.w3.org%2F2000%2Fsvg%27%20width%3D%271600%27%20height%3D%271200%27%20viewBox%3D%270%200%201600%201200%27%3E%3Crect%20width%3D%271600%27%20height%3D%271200%27%20fill-opacity%3D%220%22%2F%3E%3C%2Fsvg%3E\"><\/div><\/div><\/div><\/div><\/p>","protected":false},"excerpt":{"rendered":"","protected":false},"author":1,"featured_media":0,"parent":0,"menu_order":0,"comment_status":"closed","ping_status":"closed","template":"100-width.php","meta":{"_monsterinsights_skip_tracking":false,"_monsterinsights_sitenote_active":false,"_monsterinsights_sitenote_note":"","_monsterinsights_sitenote_category":0,"footnotes":""},"class_list":["post-5455","page","type-page","status-publish","hentry"],"aioseo_notices":[],"_links":{"self":[{"href":"https:\/\/petrarchpanels.com\/it\/wp-json\/wp\/v2\/pages\/5455","targetHints":{"allow":["GET"]}}],"collection":[{"href":"https:\/\/petrarchpanels.com\/it\/wp-json\/wp\/v2\/pages"}],"about":[{"href":"https:\/\/petrarchpanels.com\/it\/wp-json\/wp\/v2\/types\/page"}],"author":[{"embeddable":true,"href":"https:\/\/petrarchpanels.com\/it\/wp-json\/wp\/v2\/users\/1"}],"replies":[{"embeddable":true,"href":"https:\/\/petrarchpanels.com\/it\/wp-json\/wp\/v2\/comments?post=5455"}],"version-history":[{"count":25,"href":"https:\/\/petrarchpanels.com\/it\/wp-json\/wp\/v2\/pages\/5455\/revisions"}],"predecessor-version":[{"id":5641,"href":"https:\/\/petrarchpanels.com\/it\/wp-json\/wp\/v2\/pages\/5455\/revisions\/5641"}],"wp:attachment":[{"href":"https:\/\/petrarchpanels.com\/it\/wp-json\/wp\/v2\/media?parent=5455"}],"curies":[{"name":"wp","href":"https:\/\/api.w.org\/{rel}","templated":true}]}}